{"id":206,"date":"2023-03-15T09:44:51","date_gmt":"2023-03-15T08:44:51","guid":{"rendered":"https:\/\/marinemastersum.w.uib.no\/?page_id=206"},"modified":"2025-09-10T16:09:53","modified_gmt":"2025-09-10T14:09:53","slug":"previous-theses","status":"publish","type":"page","link":"https:\/\/marinemastersum.w.uib.no\/?page_id=206","title":{"rendered":"Completed MSc theses"},"content":{"rendered":"<blockquote>\n<p>Here you will find theses that had (co)supervision from the University Museum of Bergen. The student's home institution is given after the year of completion.<\/p>\n<\/blockquote>\n<p><strong>Lawrence, Joseph C.\u00a0<\/strong> (Master thesis, 2025, UiB): Bipolar or multiple species disorder? Examining the potential cryptic diversity of <i>Ptychogastria polaris<\/i><\/p>\n<p><strong>Buhaug, Maria Grankvist<\/strong> (Master thesis, 2025, NTNU): Diversity and Distribution of Cyclostomatida (Bryozoa).\u00a0 An Integrative Approach to Increasing Knowledge on a Neglected Taxon in Norwegian and Adjacent Waters<\/p>\n<p><strong>Samson, Eva Charlotte <\/strong>(Master thesis, 2025, UiB): Genetic and morphological diversity of Bylgides (Polynoidae, Annelida) in the Arctic\u00a0<\/p>\n<p><strong>Dober<\/strong>, <strong>Lea Sophie <\/strong>(Master thesis, 2025, UiB): Diversity and Dynamics of Parasites Associated with Arrow Worms (Chaetognatha) in Norwegian waters\u00a0<\/p>\n<p><strong>Johannessen, Amalie <\/strong>(Master thesis, 2025, UiB): Fauna of \u00c6gir Hydrothermal Vent Field<\/p>\n<p><strong>McDaniel, Vincent Toby <\/strong>(Master thesis, 2024, UiB): Helminth Parasites of Jellyfish: Diversity across Northeast Atlantic Waters and Dynamics in two Norwegian Fjords<\/p>\n<p><strong>Fredheim, Vetle Bj\u00f8rgeson<\/strong> (Master thesis, 2024, UiB): Composition of Gelatinous Zooplankton Communities in Korsfjord and Fanafjord: seasonal dynamics and change over 20 years<\/p>\n<p><strong>S\u00f8rensen, Anna Tomine R. (<\/strong>Master thesis, 2024, UiB): Revisiting the fauna of the Jan Mayen vent fields<\/p>\n<p><strong>Raftevold, Ellisiv Tomasgard<\/strong> (Master thesis, 2024, NTNU): Integrative taxonomic study revealing hidden diversity within Flabelligera (Annelida)<\/p>\n<p><strong>Gonz\u00e1lez, Ana<\/strong> (Master thesis, 2023, University of the Balearic Islands): Benthic hydrozoans as potential indicators of anthropogenic impact in Mallorca coast (Western Mediterranean Sea)<\/p>\n<p><strong>Klemetsdal, Marte Leane Bleken <\/strong>(Master thesis, 2023, UiB) <span class=\"ui-provider gs b c d e f g h i j k l m n o p q r s t u v w x y z ab ac ae af ag ah ai aj ak\" dir=\"ltr\">The Fauna of Deep-Water Cold Seeps in the Arctic<\/span><\/p>\n<p><strong>Mathisen, Tiril S\u00f8rlie<\/strong> (Master thesis, 2023, NTNU) A faunistic assessment of species diversity of the class Ascidiacea in Norwegian waters using morphological and molecular analyses<\/p>\n<p><strong>Rend\u00f3n, Pedro<\/strong> (Master thesis, 2023, University of Bergen): Amphipod-jellyfish associations in Norway and neighboring waters.<\/p>\n<p><strong>Vr\u00e5lstad, H\u00e5vard<\/strong> (Master thesis, 2023, University of Bergen): Exploring the species identity of <em>Cordagalma<\/em> sp. and <em>Sphaeronectes<\/em> spp. siphonophores in Norway.<\/p>\n<p><strong>Benjaminsen, Tine Mathilde<\/strong> (Master thesis, 2022, NTNU) Bryozoans in shallow water habitats in Norway: New records and DNA barcoding (<a href=\"https:\/\/ntnuopen.ntnu.no\/ntnu-xmlui\/handle\/11250\/3014552\" target=\"_blank\" rel=\"noopener\">link<\/a>)<\/p>\n<p><strong>Bj\u00f8rset, Ina Rosenhaug<\/strong> (Master thesis, 2022, NTNU) A faunistic study of ma\u00ebrl beds at Kr\u00e5kv\u00e5gsvaet<\/p>\n<p><strong>Dille, Marthe Ree<\/strong> (Master thesis, 2022, NTNU): Lugworms (Arenicolidae, Annelida) in Norwegian waters - species diversity and habitat preferences (<a href=\"https:\/\/ntnuopen.ntnu.no\/ntnu-xmlui\/handle\/11250\/3014551\" target=\"_blank\" rel=\"noopener\">link<\/a>)<\/p>\n<p><strong>Beckmann, Lara Maleen<\/strong> (Master thesis, 2021, Stockholms universitet): Shells full of Life: Integrative taxonomy resolves challenging morphological variation and gives insight into the diversity of Hydractiniidae (Cnidaria: Hydrozoa) in Norway<\/p>\n<p><strong>Garc\u00eda Carrancio, Carla<\/strong> (Master thesis, 2021, University of the Balearic Islands): Integrative taxonomy reveals cryptic diversity within the hydrozoan genus Euphysa (Cnidaria: Corymorphidae) in Norwegian waters<\/p>\n<p><strong>Rezapoor, Maryam<\/strong> (Master thesis, 2021, UiB): Cryptic diversity in the leptothecate genera <em>Laodicea<\/em> and <em>Tiaropsis <\/em>(Cnidaria: Hydrozoa) (<a href=\"https:\/\/hdl.handle.net\/11250\/2828481\" target=\"_blank\" rel=\"noopener\">link<\/a>)<\/p>\n<p><strong>Rustad, August Nymoen<\/strong> (Master thesis, 2021, NTNU): Using morphology and DNA barcoding to assess species diversity within the isopod genera <em>Jaera<\/em> Leach, 1814, <em>Janira<\/em> Leach, 1814 and <em>Idotea<\/em> Fabricius, 1798 in Norway (<a href=\"https:\/\/ntnuopen.ntnu.no\/ntnu-xmlui\/handle\/11250\/2782477\" target=\"_blank\" rel=\"noopener\">link<\/a>)<\/p>\n<p><strong>Neuhaus, Jenny<\/strong> (Master thesis, 2020, UiB): Systematic revision of the genus <em>Jorunna<\/em> (Nudibranchia: Discodorididae) in Europe with a focus on the <em>J. tomentosa<\/em> species complex (<a href=\"https:\/\/bora.uib.no\/bora-xmlui\/handle\/1956\/24462\" target=\"_blank\" rel=\"noopener\">link<\/a>)<\/p>\n<p><strong>S\u00f8rensen, Cecilie G.<\/strong> (Master thesis, 2020, UiB): Interpreting the polychromatic variation of the European nudibranch <em>Polycera quadrilineata<\/em> (O. F. M\u00fcller, 1776), with the description of a new species (<a href=\"https:\/\/bora.uib.no\/bora-xmlui\/handle\/1956\/21296\" target=\"_blank\" rel=\"noopener\">link<\/a>)<\/p>\n<p><strong>\u00d8stensvig, Christine H.<\/strong> (Master thesis, 2019, UiB): A faunistic study of the amphipod-fauna of Hjeltefjord, West-Norway (<a href=\"https:\/\/bora.uib.no\/bora-xmlui\/handle\/1956\/20424\" target=\"_blank\" rel=\"noopener\">link<\/a>)<\/p>\n<p><strong>Grosse, Ma\u00ebl A.<\/strong> (Master thesis, 2019, NTNU):\u00a0 Integrative Taxonomy Reveals Hidden Diversity in the Genus Chaetozone (Annelida, Cirratulidae) in Norwegian Waters (<a href=\"https:\/\/ntnuopen.ntnu.no\/ntnu-xmlui\/handle\/11250\/2617039\" target=\"_blank\" rel=\"noopener\">link<\/a>)<\/p>\n<p><strong>Mejdell, Martin H.<\/strong> (Master thesis, 2015, UiB): Diversity and geographical distributions of Diopatra bristle worms (Onuphidae, Polychaeta) off the coast of West Africa<\/p>\n<p><strong>Oskars, Trond R.<\/strong>(Master thesis, 2013, UiB): The systematics of Cephalaspidea (Mollusca: gastropods) revisited, with a study on the diversity of deep sea Philinidae sensu lato from the West Pacific (<a href=\"https:\/\/bora.uib.no\/bora-xmlui\/handle\/1956\/8026\" target=\"_blank\" rel=\"noopener\">link<\/a>)<\/p>\n\n\n<p><\/p>\n","protected":false},"excerpt":{"rendered":"<p>Here you will find theses that had (co)supervision from the University Museum of Bergen. The student's home institution is given after the year of completion. Lawrence, Joseph C.\u00a0 (Master thesis, 2025, UiB): Bipolar or multiple species disorder? Examining the potential cryptic diversity of Ptychogastria polaris Buhaug, Maria Grankvist (Master thesis, 2025, NTNU): Diversity and Distribution <a class=\"read-more\" href=\"https:\/\/marinemastersum.w.uib.no\/?page_id=206\">...continue reading <span class=\"meta-nav\">&rarr;<\/span><\/a><\/p>\n","protected":false},"author":2562,"featured_media":0,"parent":0,"menu_order":2,"comment_status":"closed","ping_status":"closed","template":"","meta":{"footnotes":""},"class_list":["post-206","page","type-page","status-publish","hentry"],"_links":{"self":[{"href":"https:\/\/marinemastersum.w.uib.no\/index.php?rest_route=\/wp\/v2\/pages\/206","targetHints":{"allow":["GET"]}}],"collection":[{"href":"https:\/\/marinemastersum.w.uib.no\/index.php?rest_route=\/wp\/v2\/pages"}],"about":[{"href":"https:\/\/marinemastersum.w.uib.no\/index.php?rest_route=\/wp\/v2\/types\/page"}],"author":[{"embeddable":true,"href":"https:\/\/marinemastersum.w.uib.no\/index.php?rest_route=\/wp\/v2\/users\/2562"}],"replies":[{"embeddable":true,"href":"https:\/\/marinemastersum.w.uib.no\/index.php?rest_route=%2Fwp%2Fv2%2Fcomments&post=206"}],"version-history":[{"count":22,"href":"https:\/\/marinemastersum.w.uib.no\/index.php?rest_route=\/wp\/v2\/pages\/206\/revisions"}],"predecessor-version":[{"id":393,"href":"https:\/\/marinemastersum.w.uib.no\/index.php?rest_route=\/wp\/v2\/pages\/206\/revisions\/393"}],"wp:attachment":[{"href":"https:\/\/marinemastersum.w.uib.no\/index.php?rest_route=%2Fwp%2Fv2%2Fmedia&parent=206"}],"curies":[{"name":"wp","href":"https:\/\/api.w.org\/{rel}","templated":true}]}}